{"id":571,"date":"2024-03-04T15:59:32","date_gmt":"2024-03-04T15:59:32","guid":{"rendered":"https:\/\/ny.molpe.fi\/?page_id=571"},"modified":"2024-03-04T16:24:34","modified_gmt":"2024-03-04T16:24:34","slug":"atthyra","status":"publish","type":"page","link":"https:\/\/ny.molpe.fi\/index.php\/besok-molpe\/atthyra\/","title":{"rendered":"Att hyra i Molpe"},"content":{"rendered":"\t\t<div data-elementor-type=\"wp-page\" data-elementor-id=\"571\" class=\"elementor elementor-571\">\n\t\t\t\t\t\t<section class=\"elementor-section elementor-top-section elementor-element elementor-element-558c40d elementor-section-boxed elementor-section-height-default elementor-section-height-default\" data-id=\"558c40d\" data-element_type=\"section\" data-e-type=\"section\">\n\t\t\t\t\t\t<div class=\"elementor-container elementor-column-gap-default\">\n\t\t\t\t\t<div class=\"elementor-column elementor-col-50 elementor-top-column elementor-element elementor-element-ff8876d\" data-id=\"ff8876d\" data-element_type=\"column\" data-e-type=\"column\">\n\t\t\t<div class=\"elementor-widget-wrap elementor-element-populated\">\n\t\t\t\t\t\t<div class=\"elementor-element elementor-element-c50fe50 elementor-position-top elementor-widget elementor-widget-image-box\" data-id=\"c50fe50\" data-element_type=\"widget\" data-e-type=\"widget\" data-widget_type=\"image-box.default\">\n\t\t\t\t<div class=\"elementor-widget-container\">\n\t\t\t\t\t<div class=\"elementor-image-box-wrapper\"><figure class=\"elementor-image-box-img\"><img fetchpriority=\"high\" decoding=\"async\" width=\"620\" height=\"231\" src=\"https:\/\/ny.molpe.fi\/wp-content\/uploads\/2024\/03\/airbnb_logo_detail.jpg\" class=\"attachment-full size-full wp-image-573\" alt=\"\" srcset=\"https:\/\/ny.molpe.fi\/wp-content\/uploads\/2024\/03\/airbnb_logo_detail.jpg 620w, https:\/\/ny.molpe.fi\/wp-content\/uploads\/2024\/03\/airbnb_logo_detail-300x112.jpg 300w\" sizes=\"(max-width: 620px) 100vw, 620px\" \/><\/figure><div class=\"elementor-image-box-content\"><h3 class=\"elementor-image-box-title\">Airbnb<\/h3><p class=\"elementor-image-box-description\">P\u00e5 Airbnb hittar man det som finns att hyra i Molpe via den tj\u00e4nsten.<\/p><\/div><\/div>\t\t\t\t<\/div>\n\t\t\t\t<\/div>\n\t\t\t\t<div class=\"elementor-element elementor-element-72f567a elementor-align-center elementor-widget elementor-widget-button\" data-id=\"72f567a\" data-element_type=\"widget\" data-e-type=\"widget\" data-widget_type=\"button.default\">\n\t\t\t\t<div class=\"elementor-widget-container\">\n\t\t\t\t\t\t\t\t\t<div class=\"elementor-button-wrapper\">\n\t\t\t\t\t<a class=\"elementor-button elementor-button-link elementor-size-xs\" href=\"https:\/\/www.airbnb.fi\/molpe-finland\/stays\">\n\t\t\t\t\t\t<span class=\"elementor-button-content-wrapper\">\n\t\t\t\t\t\t\t\t\t<span class=\"elementor-button-text\">G\u00e5 till Airbnb<\/span>\n\t\t\t\t\t<\/span>\n\t\t\t\t\t<\/a>\n\t\t\t\t<\/div>\n\t\t\t\t\t\t\t\t<\/div>\n\t\t\t\t<\/div>\n\t\t\t\t\t<\/div>\n\t\t<\/div>\n\t\t\t\t<div class=\"elementor-column elementor-col-50 elementor-top-column elementor-element elementor-element-c91fd2f\" data-id=\"c91fd2f\" data-element_type=\"column\" data-e-type=\"column\">\n\t\t\t<div class=\"elementor-widget-wrap elementor-element-populated\">\n\t\t\t\t\t\t<div class=\"elementor-element elementor-element-85c8ed0 elementor-position-top elementor-widget elementor-widget-image-box\" data-id=\"85c8ed0\" data-element_type=\"widget\" data-e-type=\"widget\" data-widget_type=\"image-box.default\">\n\t\t\t\t<div class=\"elementor-widget-container\">\n\t\t\t\t\t<div class=\"elementor-image-box-wrapper\"><figure class=\"elementor-image-box-img\"><img decoding=\"async\" width=\"1440\" height=\"1439\" src=\"https:\/\/ny.molpe.fi\/wp-content\/uploads\/2024\/03\/Marthagarden.jpeg\" class=\"attachment-full size-full wp-image-556\" alt=\"\" srcset=\"https:\/\/ny.molpe.fi\/wp-content\/uploads\/2024\/03\/Marthagarden.jpeg 1440w, https:\/\/ny.molpe.fi\/wp-content\/uploads\/2024\/03\/Marthagarden-300x300.jpeg 300w, https:\/\/ny.molpe.fi\/wp-content\/uploads\/2024\/03\/Marthagarden-1024x1024.jpeg 1024w, https:\/\/ny.molpe.fi\/wp-content\/uploads\/2024\/03\/Marthagarden-150x150.jpeg 150w, https:\/\/ny.molpe.fi\/wp-content\/uploads\/2024\/03\/Marthagarden-768x767.jpeg 768w, https:\/\/ny.molpe.fi\/wp-content\/uploads\/2024\/03\/Marthagarden-600x600.jpeg 600w\" sizes=\"(max-width: 1440px) 100vw, 1440px\" \/><\/figure><div class=\"elementor-image-box-content\"><h3 class=\"elementor-image-box-title\">Marthag\u00e5rden<\/h3><p class=\"elementor-image-box-description\">M\u00f6jlighet till inkvartering f\u00f6r upp till 4 personer (Tv\u00e5 enkels\u00e4ngar + tv\u00e5 extra b\u00e4ddar). Kontakta <b>Hanna Blomqvist p\u00e5 tel. <span style=\"font-family: Lato, sans-serif;font-size: 14px;font-style: normal;text-align: start\">050 5476676.<\/span><\/b><\/p><\/div><\/div>\t\t\t\t<\/div>\n\t\t\t\t<\/div>\n\t\t\t\t\t<\/div>\n\t\t<\/div>\n\t\t\t\t\t<\/div>\n\t\t<\/section>\n\t\t\t\t<\/div>\n\t\t","protected":false},"excerpt":{"rendered":"<p>Airbnb P\u00e5 Airbnb hittar man det som finns att hyra i Molpe via den tj\u00e4nsten. G\u00e5 till Airbnb Marthag\u00e5rden M\u00f6jlighet till inkvartering f\u00f6r upp till 4 personer (Tv\u00e5 enkels\u00e4ngar + tv\u00e5 extra b\u00e4ddar). Kontakta Hanna Blomqvist p\u00e5 tel. 050 5476676.<\/p>\n","protected":false},"author":1,"featured_media":0,"parent":290,"menu_order":0,"comment_status":"closed","ping_status":"closed","template":"","meta":{"ocean_post_layout":"","ocean_both_sidebars_style":"","ocean_both_sidebars_content_width":0,"ocean_both_sidebars_sidebars_width":0,"ocean_sidebar":"","ocean_second_sidebar":"","ocean_disable_margins":"enable","ocean_add_body_class":"","ocean_shortcode_before_top_bar":"","ocean_shortcode_after_top_bar":"","ocean_shortcode_before_header":"","ocean_shortcode_after_header":"","ocean_has_shortcode":"","ocean_shortcode_after_title":"","ocean_shortcode_before_footer_widgets":"","ocean_shortcode_after_footer_widgets":"","ocean_shortcode_before_footer_bottom":"","ocean_shortcode_after_footer_bottom":"","ocean_display_top_bar":"default","ocean_display_header":"default","ocean_header_style":"","ocean_center_header_left_menu":"","ocean_custom_header_template":"","ocean_custom_logo":0,"ocean_custom_retina_logo":0,"ocean_custom_logo_max_width":0,"ocean_custom_logo_tablet_max_width":0,"ocean_custom_logo_mobile_max_width":0,"ocean_custom_logo_max_height":0,"ocean_custom_logo_tablet_max_height":0,"ocean_custom_logo_mobile_max_height":0,"ocean_header_custom_menu":"","ocean_menu_typo_font_family":"","ocean_menu_typo_font_subset":"","ocean_menu_typo_font_size":0,"ocean_menu_typo_font_size_tablet":0,"ocean_menu_typo_font_size_mobile":0,"ocean_menu_typo_font_size_unit":"px","ocean_menu_typo_font_weight":"","ocean_menu_typo_font_weight_tablet":"","ocean_menu_typo_font_weight_mobile":"","ocean_menu_typo_transform":"","ocean_menu_typo_transform_tablet":"","ocean_menu_typo_transform_mobile":"","ocean_menu_typo_line_height":0,"ocean_menu_typo_line_height_tablet":0,"ocean_menu_typo_line_height_mobile":0,"ocean_menu_typo_line_height_unit":"","ocean_menu_typo_spacing":0,"ocean_menu_typo_spacing_tablet":0,"ocean_menu_typo_spacing_mobile":0,"ocean_menu_typo_spacing_unit":"","ocean_menu_link_color":"","ocean_menu_link_color_hover":"","ocean_menu_link_color_active":"","ocean_menu_link_background":"","ocean_menu_link_hover_background":"","ocean_menu_link_active_background":"","ocean_menu_social_links_bg":"","ocean_menu_social_hover_links_bg":"","ocean_menu_social_links_color":"","ocean_menu_social_hover_links_color":"","ocean_disable_title":"default","ocean_disable_heading":"default","ocean_post_title":"","ocean_post_subheading":"","ocean_post_title_style":"","ocean_post_title_background_color":"","ocean_post_title_background":0,"ocean_post_title_bg_image_position":"","ocean_post_title_bg_image_attachment":"","ocean_post_title_bg_image_repeat":"","ocean_post_title_bg_image_size":"","ocean_post_title_height":0,"ocean_post_title_bg_overlay":0.5,"ocean_post_title_bg_overlay_color":"","ocean_disable_breadcrumbs":"default","ocean_breadcrumbs_color":"","ocean_breadcrumbs_separator_color":"","ocean_breadcrumbs_links_color":"","ocean_breadcrumbs_links_hover_color":"","ocean_display_footer_widgets":"default","ocean_display_footer_bottom":"default","ocean_custom_footer_template":"","footnotes":""},"class_list":["post-571","page","type-page","status-publish","hentry","entry"],"_links":{"self":[{"href":"https:\/\/ny.molpe.fi\/index.php\/wp-json\/wp\/v2\/pages\/571","targetHints":{"allow":["GET"]}}],"collection":[{"href":"https:\/\/ny.molpe.fi\/index.php\/wp-json\/wp\/v2\/pages"}],"about":[{"href":"https:\/\/ny.molpe.fi\/index.php\/wp-json\/wp\/v2\/types\/page"}],"author":[{"embeddable":true,"href":"https:\/\/ny.molpe.fi\/index.php\/wp-json\/wp\/v2\/users\/1"}],"replies":[{"embeddable":true,"href":"https:\/\/ny.molpe.fi\/index.php\/wp-json\/wp\/v2\/comments?post=571"}],"version-history":[{"count":20,"href":"https:\/\/ny.molpe.fi\/index.php\/wp-json\/wp\/v2\/pages\/571\/revisions"}],"predecessor-version":[{"id":596,"href":"https:\/\/ny.molpe.fi\/index.php\/wp-json\/wp\/v2\/pages\/571\/revisions\/596"}],"up":[{"embeddable":true,"href":"https:\/\/ny.molpe.fi\/index.php\/wp-json\/wp\/v2\/pages\/290"}],"wp:attachment":[{"href":"https:\/\/ny.molpe.fi\/index.php\/wp-json\/wp\/v2\/media?parent=571"}],"curies":[{"name":"wp","href":"https:\/\/api.w.org\/{rel}","templated":true}]}}