{"id":657,"date":"2024-05-20T17:13:22","date_gmt":"2024-05-20T17:13:22","guid":{"rendered":"https:\/\/ny.molpe.fi\/?page_id=657"},"modified":"2024-05-20T17:19:14","modified_gmt":"2024-05-20T17:19:14","slug":"molpe-uf","status":"publish","type":"page","link":"https:\/\/ny.molpe.fi\/index.php\/foreningar\/molpe-uf\/","title":{"rendered":"Molpe UF"},"content":{"rendered":"\t\t<div data-elementor-type=\"wp-page\" data-elementor-id=\"657\" class=\"elementor elementor-657\">\n\t\t\t\t\t\t<section class=\"elementor-section elementor-top-section elementor-element elementor-element-2f5c263 elementor-section-boxed elementor-section-height-default elementor-section-height-default\" data-id=\"2f5c263\" data-element_type=\"section\" data-e-type=\"section\" data-settings=\"{&quot;background_background&quot;:&quot;classic&quot;}\">\n\t\t\t\t\t\t<div class=\"elementor-container elementor-column-gap-default\">\n\t\t\t\t\t<div class=\"elementor-column elementor-col-100 elementor-top-column elementor-element elementor-element-a80b4f7\" data-id=\"a80b4f7\" data-element_type=\"column\" data-e-type=\"column\">\n\t\t\t<div class=\"elementor-widget-wrap\">\n\t\t\t\t\t\t\t<\/div>\n\t\t<\/div>\n\t\t\t\t\t<\/div>\n\t\t<\/section>\n\t\t\t\t<section class=\"elementor-section elementor-top-section elementor-element elementor-element-3d532e3 elementor-section-boxed elementor-section-height-default elementor-section-height-default\" data-id=\"3d532e3\" data-element_type=\"section\" data-e-type=\"section\">\n\t\t\t\t\t\t<div class=\"elementor-container elementor-column-gap-default\">\n\t\t\t\t\t<div class=\"elementor-column elementor-col-100 elementor-top-column elementor-element elementor-element-710cd55\" data-id=\"710cd55\" data-element_type=\"column\" data-e-type=\"column\">\n\t\t\t<div class=\"elementor-widget-wrap elementor-element-populated\">\n\t\t\t\t\t\t<div class=\"elementor-element elementor-element-6a5c159 elementor-widget elementor-widget-heading\" data-id=\"6a5c159\" data-element_type=\"widget\" data-e-type=\"widget\" data-widget_type=\"heading.default\">\n\t\t\t\t<div class=\"elementor-widget-container\">\n\t\t\t\t\t<h1 class=\"elementor-heading-title elementor-size-xl\">Molpe ungdomsf\u00f6rening Enigheten r.f.<\/h1>\t\t\t\t<\/div>\n\t\t\t\t<\/div>\n\t\t\t\t\t<\/div>\n\t\t<\/div>\n\t\t\t\t\t<\/div>\n\t\t<\/section>\n\t\t\t\t<section class=\"elementor-section elementor-top-section elementor-element elementor-element-426bd7f elementor-section-boxed elementor-section-height-default elementor-section-height-default\" data-id=\"426bd7f\" data-element_type=\"section\" data-e-type=\"section\">\n\t\t\t\t\t\t<div class=\"elementor-container elementor-column-gap-default\">\n\t\t\t\t\t<div class=\"elementor-column elementor-col-100 elementor-top-column elementor-element elementor-element-41f7b8d\" data-id=\"41f7b8d\" data-element_type=\"column\" data-e-type=\"column\">\n\t\t\t<div class=\"elementor-widget-wrap elementor-element-populated\">\n\t\t\t\t\t\t<div class=\"elementor-element elementor-element-cdd1d34 elementor-widget elementor-widget-text-editor\" data-id=\"cdd1d34\" data-element_type=\"widget\" data-e-type=\"widget\" data-widget_type=\"text-editor.default\">\n\t\t\t\t<div class=\"elementor-widget-container\">\n\t\t\t\t\t\t\t\t\t<p style=\"margin-bottom: 10px; color: #717376; font-family: Lato, sans-serif; font-size: 14px; font-style: normal; font-variant-ligatures: normal; font-variant-caps: normal; font-weight: 400;\"><span class=\"brodtext\"><b>Molpe Ungdomsf\u00f6rening Enigheten r.f.<\/b>\u00a0\u00e4r en f\u00f6rening som ordnar danser, sommarteater, ungdoms- och barnverksamhet med mera f\u00f6r Molpe by i Korsn\u00e4s och hela dess omnejd. Molpe UF har blivit utsedd till \u00e5rets f\u00f6rening av S\u00d6U b\u00e5de \u00e5ren 2001 &amp; 2018.<\/span><\/p><p style=\"margin-bottom: 10px; color: #717376; font-family: Lato, sans-serif; font-size: 14px; font-style: normal; font-variant-ligatures: normal; font-variant-caps: normal; font-weight: 400;\">F\u00f6reningen styrs p\u00e5 en ideell basis av en styrelse som jobbar f\u00f6r f\u00f6reningen p\u00e5 sin fritid. Molpe UF har, enligt de flesta, den natursk\u00f6naste paviljongen i \u00d6sterbotten.<\/p><p style=\"margin-bottom: 10px; color: #717376; font-family: Lato, sans-serif; font-size: 14px; font-style: normal; font-variant-ligatures: normal; font-variant-caps: normal; font-weight: 400;\">Dansplatsen \u00e4r bel\u00e4gen vid Molpe str\u00f6mmen och \u00e4r en viktig del av \u00f6vriga f\u00f6reningars, f\u00f6retags och \u00f6vriga sammanslutningars samt privatpersoners verksamhet i nejden. Dessutom anv\u00e4nds f\u00f6reningens utrymmen f\u00f6r br\u00f6llop, alls\u00e5ngskonserter, f\u00f6delsedagskalas och s\u00e5 vidare. Minst femtusen bes\u00f6kare r\u00f6r sig \u00e5rligen p\u00e5 omr\u00e5det.<\/p><p style=\"margin-bottom: 10px; color: #717376; font-family: Lato, sans-serif; font-size: 14px; font-style: normal; font-variant-ligatures: normal; font-variant-caps: normal; font-weight: 400;\">Molpe UF har som m\u00e5l att b\u00e5de f\u00f6ra traditionsenligt program vidare samt att h\u00e4nga med i den samh\u00e4lleliga utvecklingen. Detta \u00e4r viktigt f\u00f6r att s\u00e5v\u00e4l ung som gammal skall uppskatta f\u00f6reningens verksamhet. Styrelsen tar d\u00e4rf\u00f6r med tacksamhet emot id\u00e9er som kunde utveckla verksamheten.<\/p><p style=\"margin-bottom: 10px; color: #717376; font-family: Lato, sans-serif; font-size: 14px; font-style: normal; font-variant-ligatures: normal; font-variant-caps: normal; font-weight: 400;\"><em><strong>Kontaktuppgifter:<br \/><\/strong><\/em><span class=\"brodtext\"><b>E-post<\/b>\u00a0molpeuf@gmail.com<\/span><br \/><strong>Ordf\u00f6rande<\/strong>\u00a0Emelie Reinil\u00e4, tel 050-3108140.<br \/><span class=\"brodtext\"><b>Hyresansvarig f\u00f6r paviljongomr\u00e5det,\u00a0<\/b>Marcus Granqvist, tel 050-4941949<br \/><b>Hyresansvarig f\u00f6r Fias Inn,\u00a0<\/b>Linda Backgren-Holm tel. 050-557 5178<br \/><\/span><b>PR och annonser,\u00a0<\/b>Tina Backlund 050-4007215<br \/><strong>I annons\u00e4renden:<\/strong>\u00a0Skicka g\u00e4rna i f\u00f6rsta hand informationen till molpeuf@gmail.com.<\/p><p style=\"margin-bottom: 10px; color: #717376; font-family: Lato, sans-serif; font-size: 14px; font-style: normal; font-variant-ligatures: normal; font-variant-caps: normal; font-weight: 400;\"><span class=\"brodtext\"><b>Bes\u00f6ksadress Molpe paviljong:<\/b>\u00a0Sj\u00f6v\u00e4gen 298 Molpe<br \/><b>Bes\u00f6ksadress Fias Inn:<\/b>\u00a0Sj\u00f6v\u00e4gen 11 Molpe<\/span><\/p><p style=\"margin-bottom: 10px; color: #717376; font-family: Lato, sans-serif; font-size: 14px; font-style: normal; font-variant-ligatures: normal; font-variant-caps: normal; font-weight: 400;\"><span style=\"font-size: 14pt;\"><strong>V\u00e5ra evenemang<\/strong><\/span><\/p><p style=\"margin-bottom: 10px; color: #717376; font-family: Lato, sans-serif; font-size: 14px; font-style: normal; font-variant-ligatures: normal; font-variant-caps: normal; font-weight: 400;\">F\u00f6lj v\u00e5ra f\u00f6reningssidor p\u00e5\u00a0<a style=\"color: #1e73be;\" href=\"https:\/\/www.facebook.com\/molpeuf\">Facebook<\/a>\u00a0eller p\u00e5\u00a0<a style=\"color: #1e73be;\" href=\"https:\/\/www.instagram.com\/molpeuf\">Instagram<\/a>\u00a0f\u00f6r mer info om v\u00e5ra kommande evenemang.<\/p><p style=\"margin-bottom: 10px; color: #717376; font-family: Lato, sans-serif; font-size: 14px; font-style: normal; font-variant-ligatures: normal; font-variant-caps: normal; font-weight: 400;\"><strong><em>Uthyrning<\/em><br \/><\/strong>Vid uthyrning av paviljong, pub, och servering kontakta hyresansvarige Marcus Granqvist p\u00e5 telefon eller skicka e-post till molpeuf@gmail.com\u00a0<u>minst en vecka p\u00e5 f\u00f6rhand<\/u>.<\/p><h4 style=\"font-family: Oswald, sans-serif; font-weight: 300; line-height: 1.1; color: #1c1c1c; margin-top: 10px; margin-bottom: 10px; font-size: 18px; font-style: normal; font-variant-ligatures: normal; font-variant-caps: normal;\"><a style=\"color: #1e73be;\" href=\"https:\/\/molpe.fi\/wp-content\/uploads\/2018\/04\/Molpe-UF-hyresregler.pdf\" target=\"_blank\" rel=\"noopener noreferrer\">Hyresregler<\/a><\/h4><h4 style=\"font-family: Oswald, sans-serif; font-weight: 300; line-height: 1.1; color: #1c1c1c; margin-top: 10px; margin-bottom: 10px; font-size: 18px; font-style: normal; font-variant-ligatures: normal; font-variant-caps: normal;\"><a style=\"color: #1e73be;\" href=\"https:\/\/molpe.fi\/wp-content\/uploads\/2018\/08\/St%C3%A4danvisningar-f%C3%B6r-Molpe-paviljong.pdf\" target=\"_blank\" rel=\"noopener noreferrer\">St\u00e4danvisningar f\u00f6r Molpe paviljong<\/a><\/h4><p style=\"margin-bottom: 10px; color: #717376; font-family: Lato, sans-serif; font-size: 14px; font-style: normal; font-variant-ligatures: normal; font-variant-caps: normal; font-weight: 400;\">Alternativ:<\/p><p style=\"margin-bottom: 10px; color: #717376; font-family: Lato, sans-serif; font-size: 14px; font-style: normal; font-variant-ligatures: normal; font-variant-caps: normal; font-weight: 400;\">1) Hela omr\u00e5det<\/p><ul style=\"margin-top: 0px; margin-bottom: 10px; color: #717376; font-family: Lato, sans-serif; font-size: 14px; font-style: normal; font-variant-ligatures: normal; font-variant-caps: normal; font-weight: 400;\"><li>Helghyra: 550 EUR fredag \u2013 s\u00f6ndag.<\/li><\/ul><ul style=\"margin-top: 0px; margin-bottom: 10px; color: #717376; font-family: Lato, sans-serif; font-size: 14px; font-style: normal; font-variant-ligatures: normal; font-variant-caps: normal; font-weight: 400;\"><li>Heldagshyra: 400 EUR fredag \u2013 s\u00f6ndag.<br \/>200 EUR m\u00e5ndag \u2013 torsdag. Till dessa priser tillkommer 24 % moms.<\/li><\/ul><ul style=\"margin-top: 0px; margin-bottom: 10px; color: #717376; font-family: Lato, sans-serif; font-size: 14px; font-style: normal; font-variant-ligatures: normal; font-variant-caps: normal; font-weight: 400;\"><li>200 EUR tillkommer i vintertill\u00e4gg fr\u00e5n 01.10-30.04 (+ 24% moms).<\/li><\/ul><p style=\"margin-bottom: 10px; color: #717376; font-family: Lato, sans-serif; font-size: 14px; font-style: normal; font-variant-ligatures: normal; font-variant-caps: normal; font-weight: 400;\"><span class=\"brodtext\">2) Serveringshuset inklusive Daltons<br \/><\/span><\/p><ul style=\"margin-top: 0px; margin-bottom: 10px; color: #717376; font-family: Lato, sans-serif; font-size: 14px; font-style: normal; font-variant-ligatures: normal; font-variant-caps: normal; font-weight: 400;\"><li>Helghyra: 300 EUR fredag \u2013 s\u00f6ndag.<\/li><\/ul><ul style=\"margin-top: 0px; margin-bottom: 10px; color: #717376; font-family: Lato, sans-serif; font-size: 14px; font-style: normal; font-variant-ligatures: normal; font-variant-caps: normal; font-weight: 400;\"><li>Heldagshyra: 200 EUR fredag-s\u00f6ndag.<br \/>100 EUR m\u00e5ndag \u2013 torsdag. Till dessa priser tillkommer 24 % moms.<\/li><\/ul><ul style=\"margin-top: 0px; margin-bottom: 10px; color: #717376; font-family: Lato, sans-serif; font-size: 14px; font-style: normal; font-variant-ligatures: normal; font-variant-caps: normal; font-weight: 400;\"><li>100 EUR tillkommer i vintertill\u00e4gg fr\u00e5n 01.10-30.04 (+ 24% moms).<\/li><\/ul><p style=\"margin-bottom: 10px; color: #717376; font-family: Lato, sans-serif; font-size: 14px; font-style: normal; font-variant-ligatures: normal; font-variant-caps: normal; font-weight: 400;\"><span class=\"brodtext\">3) Fias Inn<br \/><\/span><\/p><ul style=\"margin-top: 0px; margin-bottom: 10px; color: #717376; font-family: Lato, sans-serif; font-size: 14px; font-style: normal; font-variant-ligatures: normal; font-variant-caps: normal; font-weight: 400;\"><li>Helghyra: 150 EUR fredag \u2013 s\u00f6ndag.<\/li><\/ul><ul style=\"margin-top: 0px; margin-bottom: 10px; color: #717376; font-family: Lato, sans-serif; font-size: 14px; font-style: normal; font-variant-ligatures: normal; font-variant-caps: normal; font-weight: 400;\"><li>Heldagshyra: 100 EUR fredag \u2013 s\u00f6ndag.<br \/>50 EUR m\u00e5ndag \u2013 torsdag. Till dessa priser tillkommer 24 % moms.<\/li><\/ul><ul style=\"margin-top: 0px; margin-bottom: 10px; color: #717376; font-family: Lato, sans-serif; font-size: 14px; font-style: normal; font-variant-ligatures: normal; font-variant-caps: normal; font-weight: 400;\"><li>Hyra f\u00f6r LAN \u00e4r 3 EUR\/deltagare (inkl. 24 % moms).<\/li><\/ul><p style=\"margin-bottom: 10px; color: #717376; font-family: Lato, sans-serif; font-size: 14px; font-style: normal; font-variant-ligatures: normal; font-variant-caps: normal; font-weight: 400;\">4) \u00d6vrigt<\/p><ul style=\"margin-top: 0px; margin-bottom: 10px; color: #717376; font-family: Lato, sans-serif; font-size: 14px; font-style: normal; font-variant-ligatures: normal; font-variant-caps: normal; font-weight: 400;\"><li>Hyra f\u00f6r servisen vid Molpe paviljong 1,50 EUR \/ kuvert (oberoende hur stor del av servisen som anv\u00e4nds)<\/li><li>\u00d6vriga tj\u00e4nster, (exempelvis iordningst\u00e4llande, st\u00e4dning etc) 30 EUR \/ timme \/ person.<\/li><\/ul><ul style=\"margin-top: 0px; margin-bottom: 10px; color: #717376; font-family: Lato, sans-serif; font-size: 14px; font-style: normal; font-variant-ligatures: normal; font-variant-caps: normal; font-weight: 400;\"><li>Barnkalas p\u00e5 Fias in i f\u00f6r\u00e4ldrars s\u00e4llskap p\u00e5 helgdag 50 \u20ac\/dag.<\/li><\/ul><ul style=\"margin-top: 0px; margin-bottom: 10px; color: #717376; font-family: Lato, sans-serif; font-size: 14px; font-style: normal; font-variant-ligatures: normal; font-variant-caps: normal; font-weight: 400;\"><li>Hyra av ljud och ljusutrustning 100 EUR<\/li><li>Till dessa priser tillkommer 24 % moms.<\/li><\/ul><p style=\"margin-bottom: 10px; color: #717376; font-family: Lato, sans-serif; font-size: 14px; font-style: normal; font-variant-ligatures: normal; font-variant-caps: normal; font-weight: 400;\">F\u00f6reningar fr\u00e5n Molpe h\u00e5ller m\u00f6ten gratis i Uf:s utrymmen.<\/p>\t\t\t\t\t\t\t\t<\/div>\n\t\t\t\t<\/div>\n\t\t\t\t\t<\/div>\n\t\t<\/div>\n\t\t\t\t\t<\/div>\n\t\t<\/section>\n\t\t\t\t<\/div>\n\t\t","protected":false},"excerpt":{"rendered":"<p>Molpe ungdomsf\u00f6rening Enigheten r.f. Molpe Ungdomsf\u00f6rening Enigheten r.f.\u00a0\u00e4r en f\u00f6rening som ordnar danser, sommarteater, ungdoms- och barnverksamhet med mera f\u00f6r Molpe by i Korsn\u00e4s och hela dess omnejd. Molpe UF har blivit utsedd till \u00e5rets f\u00f6rening av S\u00d6U b\u00e5de \u00e5ren 2001 &amp; 2018. F\u00f6reningen styrs p\u00e5 en ideell basis av en styrelse som jobbar f\u00f6r [&hellip;]<\/p>\n","protected":false},"author":1,"featured_media":0,"parent":226,"menu_order":0,"comment_status":"closed","ping_status":"closed","template":"elementor_header_footer","meta":{"ocean_post_layout":"","ocean_both_sidebars_style":"","ocean_both_sidebars_content_width":0,"ocean_both_sidebars_sidebars_width":0,"ocean_sidebar":"","ocean_second_sidebar":"","ocean_disable_margins":"enable","ocean_add_body_class":"","ocean_shortcode_before_top_bar":"","ocean_shortcode_after_top_bar":"","ocean_shortcode_before_header":"","ocean_shortcode_after_header":"","ocean_has_shortcode":"","ocean_shortcode_after_title":"","ocean_shortcode_before_footer_widgets":"","ocean_shortcode_after_footer_widgets":"","ocean_shortcode_before_footer_bottom":"","ocean_shortcode_after_footer_bottom":"","ocean_display_top_bar":"off","ocean_display_header":"off","ocean_header_style":"","ocean_center_header_left_menu":"","ocean_custom_header_template":"","ocean_custom_logo":0,"ocean_custom_retina_logo":0,"ocean_custom_logo_max_width":0,"ocean_custom_logo_tablet_max_width":0,"ocean_custom_logo_mobile_max_width":0,"ocean_custom_logo_max_height":0,"ocean_custom_logo_tablet_max_height":0,"ocean_custom_logo_mobile_max_height":0,"ocean_header_custom_menu":"","ocean_menu_typo_font_family":"","ocean_menu_typo_font_subset":"","ocean_menu_typo_font_size":0,"ocean_menu_typo_font_size_tablet":0,"ocean_menu_typo_font_size_mobile":0,"ocean_menu_typo_font_size_unit":"px","ocean_menu_typo_font_weight":"","ocean_menu_typo_font_weight_tablet":"","ocean_menu_typo_font_weight_mobile":"","ocean_menu_typo_transform":"","ocean_menu_typo_transform_tablet":"","ocean_menu_typo_transform_mobile":"","ocean_menu_typo_line_height":0,"ocean_menu_typo_line_height_tablet":0,"ocean_menu_typo_line_height_mobile":0,"ocean_menu_typo_line_height_unit":"","ocean_menu_typo_spacing":0,"ocean_menu_typo_spacing_tablet":0,"ocean_menu_typo_spacing_mobile":0,"ocean_menu_typo_spacing_unit":"","ocean_menu_link_color":"","ocean_menu_link_color_hover":"","ocean_menu_link_color_active":"","ocean_menu_link_background":"","ocean_menu_link_hover_background":"","ocean_menu_link_active_background":"","ocean_menu_social_links_bg":"","ocean_menu_social_hover_links_bg":"","ocean_menu_social_links_color":"","ocean_menu_social_hover_links_color":"","ocean_disable_title":"enable","ocean_disable_heading":"enable","ocean_post_title":"F\u00f6reningar i Molpe","ocean_post_subheading":"","ocean_post_title_style":"centered","ocean_post_title_background_color":"","ocean_post_title_background":0,"ocean_post_title_bg_image_position":"","ocean_post_title_bg_image_attachment":"","ocean_post_title_bg_image_repeat":"","ocean_post_title_bg_image_size":"","ocean_post_title_height":0,"ocean_post_title_bg_overlay":0.5,"ocean_post_title_bg_overlay_color":"","ocean_disable_breadcrumbs":"default","ocean_breadcrumbs_color":"","ocean_breadcrumbs_separator_color":"","ocean_breadcrumbs_links_color":"","ocean_breadcrumbs_links_hover_color":"","ocean_display_footer_widgets":"default","ocean_display_footer_bottom":"default","ocean_custom_footer_template":"","footnotes":""},"class_list":["post-657","page","type-page","status-publish","hentry","entry"],"_links":{"self":[{"href":"https:\/\/ny.molpe.fi\/index.php\/wp-json\/wp\/v2\/pages\/657","targetHints":{"allow":["GET"]}}],"collection":[{"href":"https:\/\/ny.molpe.fi\/index.php\/wp-json\/wp\/v2\/pages"}],"about":[{"href":"https:\/\/ny.molpe.fi\/index.php\/wp-json\/wp\/v2\/types\/page"}],"author":[{"embeddable":true,"href":"https:\/\/ny.molpe.fi\/index.php\/wp-json\/wp\/v2\/users\/1"}],"replies":[{"embeddable":true,"href":"https:\/\/ny.molpe.fi\/index.php\/wp-json\/wp\/v2\/comments?post=657"}],"version-history":[{"count":4,"href":"https:\/\/ny.molpe.fi\/index.php\/wp-json\/wp\/v2\/pages\/657\/revisions"}],"predecessor-version":[{"id":661,"href":"https:\/\/ny.molpe.fi\/index.php\/wp-json\/wp\/v2\/pages\/657\/revisions\/661"}],"up":[{"embeddable":true,"href":"https:\/\/ny.molpe.fi\/index.php\/wp-json\/wp\/v2\/pages\/226"}],"wp:attachment":[{"href":"https:\/\/ny.molpe.fi\/index.php\/wp-json\/wp\/v2\/media?parent=657"}],"curies":[{"name":"wp","href":"https:\/\/api.w.org\/{rel}","templated":true}]}}